{"id":748,"date":"2026-03-23T20:48:12","date_gmt":"2026-03-23T20:48:12","guid":{"rendered":"https:\/\/muhteremoezbel.clickzaar.com\/?page_id=748"},"modified":"2026-04-02T15:09:37","modified_gmt":"2026-04-02T15:09:37","slug":"profil","status":"publish","type":"page","link":"https:\/\/muhteremoezbel.clickzaar.com\/tr\/profil\/","title":{"rendered":"Profil"},"content":{"rendered":"<div class=\"gbp-section gb-element-3855086d\">\n<div class=\"gbp-section__inner gb-element-2e916c0e\">\n<div><div class=\"wpuf-message\">Bu sayfa s\u0131n\u0131rl\u0131d\u0131r. L\u00fctfen <a rel=\"nofollow\" href=\"https:\/\/muhteremoezbel.clickzaar.com\/tr\/login\/?redirect_to=https%3A%2F%2Fmuhteremoezbel.clickzaar.com%2Ftr%2Fprofil%2F\">Oturum a\u00e7<\/a> bu sayfay\u0131 g\u00f6r\u00fcnt\u00fclemek i\u00e7in.<\/div>\n<\/div>\n<\/div>\n<\/div>","protected":false},"excerpt":{"rendered":"","protected":false},"author":1,"featured_media":0,"parent":0,"menu_order":0,"comment_status":"closed","ping_status":"closed","template":"","meta":{"_acf_changed":false,"inline_featured_image":false,"footnotes":""},"class_list":["post-748","page","type-page","status-publish"],"acf":[],"yoast_head":"<!-- This site is optimized with the Yoast SEO plugin v27.4 - https:\/\/yoast.com\/product\/yoast-seo-wordpress\/ -->\n<title>Profil - Car Center Baden<\/title>\n<meta name=\"robots\" content=\"index, follow, max-snippet:-1, max-image-preview:large, max-video-preview:-1\" \/>\n<link rel=\"canonical\" href=\"https:\/\/muhteremoezbel.clickzaar.com\/tr\/profil\/\" \/>\n<meta property=\"og:locale\" content=\"tr_TR\" \/>\n<meta property=\"og:type\" content=\"article\" \/>\n<meta property=\"og:title\" content=\"Profil - Car Center Baden\" \/>\n<meta property=\"og:url\" content=\"https:\/\/muhteremoezbel.clickzaar.com\/tr\/profil\/\" \/>\n<meta property=\"og:site_name\" content=\"Car Center Baden\" \/>\n<meta property=\"article:modified_time\" content=\"2026-04-02T15:09:37+00:00\" \/>\n<meta name=\"twitter:card\" content=\"summary_large_image\" \/>\n<meta name=\"twitter:label1\" content=\"Tahmini okuma s\u00fcresi\" \/>\n\t<meta name=\"twitter:data1\" content=\"1 dakika\" \/>\n<script type=\"application\/ld+json\" class=\"yoast-schema-graph\">{\"@context\":\"https:\\\/\\\/schema.org\",\"@graph\":[{\"@type\":\"WebPage\",\"@id\":\"https:\\\/\\\/muhteremoezbel.clickzaar.com\\\/profil\\\/\",\"url\":\"https:\\\/\\\/muhteremoezbel.clickzaar.com\\\/profil\\\/\",\"name\":\"Profil - Car Center Baden\",\"isPartOf\":{\"@id\":\"https:\\\/\\\/muhteremoezbel.clickzaar.com\\\/#website\"},\"datePublished\":\"2026-03-23T20:48:12+00:00\",\"dateModified\":\"2026-04-02T15:09:37+00:00\",\"breadcrumb\":{\"@id\":\"https:\\\/\\\/muhteremoezbel.clickzaar.com\\\/profil\\\/#breadcrumb\"},\"inLanguage\":\"tr\",\"potentialAction\":[{\"@type\":\"ReadAction\",\"target\":[\"https:\\\/\\\/muhteremoezbel.clickzaar.com\\\/profil\\\/\"]}]},{\"@type\":\"BreadcrumbList\",\"@id\":\"https:\\\/\\\/muhteremoezbel.clickzaar.com\\\/profil\\\/#breadcrumb\",\"itemListElement\":[{\"@type\":\"ListItem\",\"position\":1,\"name\":\"Home\",\"item\":\"https:\\\/\\\/muhteremoezbel.clickzaar.com\\\/\"},{\"@type\":\"ListItem\",\"position\":2,\"name\":\"Profil\"}]},{\"@type\":\"WebSite\",\"@id\":\"https:\\\/\\\/muhteremoezbel.clickzaar.com\\\/#website\",\"url\":\"https:\\\/\\\/muhteremoezbel.clickzaar.com\\\/\",\"name\":\"Car Center Baden\",\"description\":\"\",\"publisher\":{\"@id\":\"https:\\\/\\\/muhteremoezbel.clickzaar.com\\\/#organization\"},\"potentialAction\":[{\"@type\":\"SearchAction\",\"target\":{\"@type\":\"EntryPoint\",\"urlTemplate\":\"https:\\\/\\\/muhteremoezbel.clickzaar.com\\\/?s={search_term_string}\"},\"query-input\":{\"@type\":\"PropertyValueSpecification\",\"valueRequired\":true,\"valueName\":\"search_term_string\"}}],\"inLanguage\":\"tr\"},{\"@type\":\"Organization\",\"@id\":\"https:\\\/\\\/muhteremoezbel.clickzaar.com\\\/#organization\",\"name\":\"Car Center Baden\",\"url\":\"https:\\\/\\\/muhteremoezbel.clickzaar.com\\\/\",\"logo\":{\"@type\":\"ImageObject\",\"inLanguage\":\"tr\",\"@id\":\"https:\\\/\\\/muhteremoezbel.clickzaar.com\\\/#\\\/schema\\\/logo\\\/image\\\/\",\"url\":\"https:\\\/\\\/muhteremoezbel.clickzaar.com\\\/wp-content\\\/uploads\\\/2024\\\/07\\\/cropped-car-center-baden-logo-dark.png\",\"contentUrl\":\"https:\\\/\\\/muhteremoezbel.clickzaar.com\\\/wp-content\\\/uploads\\\/2024\\\/07\\\/cropped-car-center-baden-logo-dark.png\",\"width\":1152,\"height\":288,\"caption\":\"Car Center Baden\"},\"image\":{\"@id\":\"https:\\\/\\\/muhteremoezbel.clickzaar.com\\\/#\\\/schema\\\/logo\\\/image\\\/\"}}]}<\/script>\n<!-- \/ Yoast SEO plugin. -->","yoast_head_json":{"title":"Profil - Car Center Baden","robots":{"index":"index","follow":"follow","max-snippet":"max-snippet:-1","max-image-preview":"max-image-preview:large","max-video-preview":"max-video-preview:-1"},"canonical":"https:\/\/muhteremoezbel.clickzaar.com\/tr\/profil\/","og_locale":"tr_TR","og_type":"article","og_title":"Profil - Car Center Baden","og_url":"https:\/\/muhteremoezbel.clickzaar.com\/tr\/profil\/","og_site_name":"Car Center Baden","article_modified_time":"2026-04-02T15:09:37+00:00","twitter_card":"summary_large_image","twitter_misc":{"Tahmini okuma s\u00fcresi":"1 dakika"},"schema":{"@context":"https:\/\/schema.org","@graph":[{"@type":"WebPage","@id":"https:\/\/muhteremoezbel.clickzaar.com\/profil\/","url":"https:\/\/muhteremoezbel.clickzaar.com\/profil\/","name":"Profil - Car Center Baden","isPartOf":{"@id":"https:\/\/muhteremoezbel.clickzaar.com\/#website"},"datePublished":"2026-03-23T20:48:12+00:00","dateModified":"2026-04-02T15:09:37+00:00","breadcrumb":{"@id":"https:\/\/muhteremoezbel.clickzaar.com\/profil\/#breadcrumb"},"inLanguage":"tr","potentialAction":[{"@type":"ReadAction","target":["https:\/\/muhteremoezbel.clickzaar.com\/profil\/"]}]},{"@type":"BreadcrumbList","@id":"https:\/\/muhteremoezbel.clickzaar.com\/profil\/#breadcrumb","itemListElement":[{"@type":"ListItem","position":1,"name":"Home","item":"https:\/\/muhteremoezbel.clickzaar.com\/"},{"@type":"ListItem","position":2,"name":"Profil"}]},{"@type":"WebSite","@id":"https:\/\/muhteremoezbel.clickzaar.com\/#website","url":"https:\/\/muhteremoezbel.clickzaar.com\/","name":"Car Center Baden","description":"","publisher":{"@id":"https:\/\/muhteremoezbel.clickzaar.com\/#organization"},"potentialAction":[{"@type":"SearchAction","target":{"@type":"EntryPoint","urlTemplate":"https:\/\/muhteremoezbel.clickzaar.com\/?s={search_term_string}"},"query-input":{"@type":"PropertyValueSpecification","valueRequired":true,"valueName":"search_term_string"}}],"inLanguage":"tr"},{"@type":"Organization","@id":"https:\/\/muhteremoezbel.clickzaar.com\/#organization","name":"Car Center Baden","url":"https:\/\/muhteremoezbel.clickzaar.com\/","logo":{"@type":"ImageObject","inLanguage":"tr","@id":"https:\/\/muhteremoezbel.clickzaar.com\/#\/schema\/logo\/image\/","url":"https:\/\/muhteremoezbel.clickzaar.com\/wp-content\/uploads\/2024\/07\/cropped-car-center-baden-logo-dark.png","contentUrl":"https:\/\/muhteremoezbel.clickzaar.com\/wp-content\/uploads\/2024\/07\/cropped-car-center-baden-logo-dark.png","width":1152,"height":288,"caption":"Car Center Baden"},"image":{"@id":"https:\/\/muhteremoezbel.clickzaar.com\/#\/schema\/logo\/image\/"}}]}},"_links":{"self":[{"href":"https:\/\/muhteremoezbel.clickzaar.com\/tr\/wp-json\/wp\/v2\/pages\/748","targetHints":{"allow":["GET"]}}],"collection":[{"href":"https:\/\/muhteremoezbel.clickzaar.com\/tr\/wp-json\/wp\/v2\/pages"}],"about":[{"href":"https:\/\/muhteremoezbel.clickzaar.com\/tr\/wp-json\/wp\/v2\/types\/page"}],"author":[{"embeddable":true,"href":"https:\/\/muhteremoezbel.clickzaar.com\/tr\/wp-json\/wp\/v2\/users\/1"}],"replies":[{"embeddable":true,"href":"https:\/\/muhteremoezbel.clickzaar.com\/tr\/wp-json\/wp\/v2\/comments?post=748"}],"version-history":[{"count":9,"href":"https:\/\/muhteremoezbel.clickzaar.com\/tr\/wp-json\/wp\/v2\/pages\/748\/revisions"}],"predecessor-version":[{"id":1229,"href":"https:\/\/muhteremoezbel.clickzaar.com\/tr\/wp-json\/wp\/v2\/pages\/748\/revisions\/1229"}],"wp:attachment":[{"href":"https:\/\/muhteremoezbel.clickzaar.com\/tr\/wp-json\/wp\/v2\/media?parent=748"}],"curies":[{"name":"wp","href":"https:\/\/api.w.org\/{rel}","templated":true}]}}