{"id":248,"date":"2024-07-25T22:26:28","date_gmt":"2024-07-25T22:26:28","guid":{"rendered":"https:\/\/sites.generatepress.com\/harmony\/?page_id=248"},"modified":"2026-03-24T19:16:03","modified_gmt":"2026-03-24T19:16:03","slug":"blog","status":"publish","type":"page","link":"https:\/\/muhteremoezbel.clickzaar.com\/tr\/blog\/","title":{"rendered":"Blog"},"content":{"rendered":"<div class=\"gbp-section gb-element-2e2c07a9\">\n<div class=\"gb-element-9a10c397\">\n<div class=\"gb-element-3f713587\">\n<h1 class=\"gb-text gbp-section__headline gb-text-69338613\">Makaleleri okuyarak Bilginizi geni\u015fletin<\/h1>\n<\/div>\n<\/div>\n\n\n\n<div class=\"hero-image-fit gb-element-53770d7a\">\n<img loading=\"lazy\" decoding=\"async\" width=\"1590\" height=\"1044\" class=\"gb-media-21b218a5\" src=\"https:\/\/muhteremoezbel.clickzaar.com\/wp-content\/uploads\/2026\/03\/car-4.webp\" title=\"araba-4\" alt=\"\" srcset=\"https:\/\/muhteremoezbel.clickzaar.com\/wp-content\/uploads\/2026\/03\/car-4.webp 1590w, https:\/\/muhteremoezbel.clickzaar.com\/wp-content\/uploads\/2026\/03\/car-4-300x197.webp 300w, https:\/\/muhteremoezbel.clickzaar.com\/wp-content\/uploads\/2026\/03\/car-4-1024x672.webp 1024w, https:\/\/muhteremoezbel.clickzaar.com\/wp-content\/uploads\/2026\/03\/car-4-768x504.webp 768w, https:\/\/muhteremoezbel.clickzaar.com\/wp-content\/uploads\/2026\/03\/car-4-1536x1009.webp 1536w\" sizes=\"auto, (max-width: 1590px) 100vw, 1590px\" \/>\n<\/div>\n<\/div>\n\n\n\n<div class=\"gbp-section\">\n<div class=\"gbp-section__inner gb-element-1a30ca82\">\n<div><div class=\"gb-looper-29886f00\">\n<div class=\"gb-loop-item gbp-card--border gb-loop-item-619068b5 post-128 post type-post status-publish format-standard has-post-thumbnail hentry category-wellbeing\">\n<img loading=\"lazy\" decoding=\"async\" width=\"1590\" height=\"1044\" data-media-id=\"779\" class=\"gb-media-26b93a24\" src=\"https:\/\/muhteremoezbel.clickzaar.com\/wp-content\/uploads\/2026\/03\/car-8-4.webp\" alt=\"Quisque faucibus ex sapien vitae pellentesque\" srcset=\"https:\/\/muhteremoezbel.clickzaar.com\/wp-content\/uploads\/2026\/03\/car-8-4.webp 1590w, https:\/\/muhteremoezbel.clickzaar.com\/wp-content\/uploads\/2026\/03\/car-8-4-300x197.webp 300w, https:\/\/muhteremoezbel.clickzaar.com\/wp-content\/uploads\/2026\/03\/car-8-4-1024x672.webp 1024w, https:\/\/muhteremoezbel.clickzaar.com\/wp-content\/uploads\/2026\/03\/car-8-4-768x504.webp 768w, https:\/\/muhteremoezbel.clickzaar.com\/wp-content\/uploads\/2026\/03\/car-8-4-1536x1009.webp 1536w\" sizes=\"auto, (max-width: 1590px) 100vw, 1590px\" \/>\n\n\n\n<div class=\"gbp-card gb-element-a2e063da\">\n<h2 class=\"gb-text gb-text-c36f1ca0\"><a href=\"https:\/\/muhteremoezbel.clickzaar.com\/tr\/building-strong-foundations-structuring-healthy-relationships\/\">Quisque faucibus ex sapien vitae pellentesque<\/a><\/h2>\n\n\n\n<p class=\"gb-text gbp-card__text gb-text-61b9bcbd\">Sa\u011fl\u0131kl\u0131 ili\u015fkiler sadece ger\u00e7ekle\u015fmez; ileti\u015fimin, g\u00fcvenin ve kar\u015f\u0131l\u0131kl\u0131 sayg\u0131n\u0131n g\u00fc\u00e7l\u00fc temelleri \u00fczerine kurulurlar. Ba\u015fkalar\u0131yla ba\u011flant\u0131lar\u0131n\u0131z\u0131 g\u00fc\u00e7lendirmek i\u00e7in temel ilkeleri ve stratejileri ke\u015ffedin.<\/p>\n\n\n\n<div class=\"gb-element-816473a9\">\n<p class=\"gb-text gbp-card__meta-text\"><span>Refah<\/span><\/p>\n\n\n\n<p class=\"gb-text gbp-card__meta-text\">25 Temmuz 2024<\/p>\n<\/div>\n<\/div>\n<\/div>\n\n<div class=\"gb-loop-item gbp-card--border gb-loop-item-619068b5 post-123 post type-post status-publish format-standard has-post-thumbnail hentry category-wellbeing\">\n<img loading=\"lazy\" decoding=\"async\" width=\"1590\" height=\"1044\" data-media-id=\"777\" class=\"gb-media-26b93a24\" src=\"https:\/\/muhteremoezbel.clickzaar.com\/wp-content\/uploads\/2026\/03\/car-6-3.webp\" alt=\"In id cursus mi pretium tellus duis convallis Tempus leo eu aenean sed\" srcset=\"https:\/\/muhteremoezbel.clickzaar.com\/wp-content\/uploads\/2026\/03\/car-6-3.webp 1590w, https:\/\/muhteremoezbel.clickzaar.com\/wp-content\/uploads\/2026\/03\/car-6-3-300x197.webp 300w, https:\/\/muhteremoezbel.clickzaar.com\/wp-content\/uploads\/2026\/03\/car-6-3-1024x672.webp 1024w, https:\/\/muhteremoezbel.clickzaar.com\/wp-content\/uploads\/2026\/03\/car-6-3-768x504.webp 768w, https:\/\/muhteremoezbel.clickzaar.com\/wp-content\/uploads\/2026\/03\/car-6-3-1536x1009.webp 1536w\" sizes=\"auto, (max-width: 1590px) 100vw, 1590px\" \/>\n\n\n\n<div class=\"gbp-card gb-element-a2e063da\">\n<h2 class=\"gb-text gb-text-c36f1ca0\"><a href=\"https:\/\/muhteremoezbel.clickzaar.com\/tr\/embracing-the-fundamentals-of-self-care\/\">In id cursus mi pretium tellus duis convallis Tempus leo eu, aenean sed<\/a><\/h2>\n\n\n\n<p class=\"gb-text gbp-card__text gb-text-61b9bcbd\">Zihninizi, bedeninizi ve ruhunuzu beslemek i\u00e7in pratik ipu\u00e7lar\u0131 ve stratejilerle \u00f6z bak\u0131m\u0131n kalbine dal\u0131n. G\u00fcnl\u00fck rutininizdeki k\u00fc\u00e7\u00fck de\u011fi\u015fikliklerin genel refah\u0131n\u0131zda nas\u0131l \u00f6nemli geli\u015fmelere yol a\u00e7abilece\u011fini ke\u015ffedin.<\/p>\n\n\n\n<div class=\"gb-element-816473a9\">\n<p class=\"gb-text gbp-card__meta-text\"><span>Refah<\/span><\/p>\n\n\n\n<p class=\"gb-text gbp-card__meta-text\">25 Temmuz 2024<\/p>\n<\/div>\n<\/div>\n<\/div>\n\n<div class=\"gb-loop-item gbp-card--border gb-loop-item-619068b5 post-120 post type-post status-publish format-standard has-post-thumbnail hentry category-wellbeing\">\n<img loading=\"lazy\" decoding=\"async\" width=\"1590\" height=\"1044\" data-media-id=\"758\" class=\"gb-media-26b93a24\" src=\"https:\/\/muhteremoezbel.clickzaar.com\/wp-content\/uploads\/2026\/03\/car-7-1.webp\" alt=\"Quisque faucibus ex sapien vitae pellentesque sem placerat. In id cursus mi\" srcset=\"https:\/\/muhteremoezbel.clickzaar.com\/wp-content\/uploads\/2026\/03\/car-7-1.webp 1590w, https:\/\/muhteremoezbel.clickzaar.com\/wp-content\/uploads\/2026\/03\/car-7-1-300x197.webp 300w, https:\/\/muhteremoezbel.clickzaar.com\/wp-content\/uploads\/2026\/03\/car-7-1-1024x672.webp 1024w, https:\/\/muhteremoezbel.clickzaar.com\/wp-content\/uploads\/2026\/03\/car-7-1-768x504.webp 768w, https:\/\/muhteremoezbel.clickzaar.com\/wp-content\/uploads\/2026\/03\/car-7-1-1536x1009.webp 1536w\" sizes=\"auto, (max-width: 1590px) 100vw, 1590px\" \/>\n\n\n\n<div class=\"gbp-card gb-element-a2e063da\">\n<h2 class=\"gb-text gb-text-c36f1ca0\"><a href=\"https:\/\/muhteremoezbel.clickzaar.com\/tr\/starting-your-journey-self-discovery-through-digital-detox\/\">Quisque faucibus ex sapien vitae pellentesque sem placerat. In id cursus mi<\/a><\/h2>\n\n\n\n<p class=\"gb-text gbp-card__text gb-text-61b9bcbd\">Hiper ba\u011flant\u0131l\u0131 d\u00fcnyam\u0131zda, dijital cihazlardan geri ad\u0131m atmak ki\u015fisel geli\u015fim i\u00e7in g\u00fc\u00e7l\u00fc bir ara\u00e7 olabilir. Dijital bir detoksun zihninizi nas\u0131l temizleyebilece\u011fini, yarat\u0131c\u0131l\u0131\u011f\u0131 nas\u0131l art\u0131rabilece\u011fini ve kendini ke\u015ffetmenin kap\u0131s\u0131n\u0131 nas\u0131l a\u00e7abilece\u011fini \u00f6\u011frenin.<\/p>\n\n\n\n<div class=\"gb-element-816473a9\">\n<p class=\"gb-text gbp-card__meta-text\"><span>Refah<\/span><\/p>\n\n\n\n<p class=\"gb-text gbp-card__meta-text\">25 Temmuz 2024<\/p>\n<\/div>\n<\/div>\n<\/div>\n<\/div>\n\n\n<div class=\"gb-element-e2653e17 gb-query-loop-pagination\">\n\n\n\n<\/div>\n\n\n<\/div>\n<\/div>\n<\/div>","protected":false},"excerpt":{"rendered":"<p>Makaleleri okuyarak Bilginizi geni\u015fletin<\/p>","protected":false},"author":1,"featured_media":0,"parent":0,"menu_order":0,"comment_status":"closed","ping_status":"closed","template":"","meta":{"_acf_changed":false,"inline_featured_image":false,"footnotes":""},"class_list":["post-248","page","type-page","status-publish"],"acf":[],"yoast_head":"<!-- This site is optimized with the Yoast SEO plugin v27.4 - https:\/\/yoast.com\/product\/yoast-seo-wordpress\/ -->\n<title>Blog - Car Center Baden<\/title>\n<meta name=\"robots\" content=\"index, follow, max-snippet:-1, max-image-preview:large, max-video-preview:-1\" \/>\n<link rel=\"canonical\" href=\"https:\/\/muhteremoezbel.clickzaar.com\/tr\/blog\/\" \/>\n<meta property=\"og:locale\" content=\"tr_TR\" \/>\n<meta property=\"og:type\" content=\"article\" \/>\n<meta property=\"og:title\" content=\"Blog - Car Center Baden\" \/>\n<meta property=\"og:description\" content=\"Erweitere dein Wissen durch das Lesen von Artikeln\" \/>\n<meta property=\"og:url\" content=\"https:\/\/muhteremoezbel.clickzaar.com\/tr\/blog\/\" \/>\n<meta property=\"og:site_name\" content=\"Car Center Baden\" \/>\n<meta property=\"article:modified_time\" content=\"2026-03-24T19:16:03+00:00\" \/>\n<meta property=\"og:image\" content=\"https:\/\/muhteremoezbel.clickzaar.com\/wp-content\/uploads\/2026\/03\/car-4.webp\" \/>\n<meta name=\"twitter:card\" content=\"summary_large_image\" \/>\n<meta name=\"twitter:label1\" content=\"Tahmini okuma s\u00fcresi\" \/>\n\t<meta name=\"twitter:data1\" content=\"1 dakika\" \/>\n<script type=\"application\/ld+json\" class=\"yoast-schema-graph\">{\"@context\":\"https:\\\/\\\/schema.org\",\"@graph\":[{\"@type\":\"WebPage\",\"@id\":\"https:\\\/\\\/muhteremoezbel.clickzaar.com\\\/blog\\\/\",\"url\":\"https:\\\/\\\/muhteremoezbel.clickzaar.com\\\/blog\\\/\",\"name\":\"Blog - Car Center Baden\",\"isPartOf\":{\"@id\":\"https:\\\/\\\/muhteremoezbel.clickzaar.com\\\/#website\"},\"primaryImageOfPage\":{\"@id\":\"https:\\\/\\\/muhteremoezbel.clickzaar.com\\\/blog\\\/#primaryimage\"},\"image\":{\"@id\":\"https:\\\/\\\/muhteremoezbel.clickzaar.com\\\/blog\\\/#primaryimage\"},\"thumbnailUrl\":\"https:\\\/\\\/muhteremoezbel.clickzaar.com\\\/wp-content\\\/uploads\\\/2026\\\/03\\\/car-4.webp\",\"datePublished\":\"2024-07-25T22:26:28+00:00\",\"dateModified\":\"2026-03-24T19:16:03+00:00\",\"breadcrumb\":{\"@id\":\"https:\\\/\\\/muhteremoezbel.clickzaar.com\\\/blog\\\/#breadcrumb\"},\"inLanguage\":\"tr\",\"potentialAction\":[{\"@type\":\"ReadAction\",\"target\":[\"https:\\\/\\\/muhteremoezbel.clickzaar.com\\\/blog\\\/\"]}]},{\"@type\":\"ImageObject\",\"inLanguage\":\"tr\",\"@id\":\"https:\\\/\\\/muhteremoezbel.clickzaar.com\\\/blog\\\/#primaryimage\",\"url\":\"https:\\\/\\\/muhteremoezbel.clickzaar.com\\\/wp-content\\\/uploads\\\/2026\\\/03\\\/car-4.webp\",\"contentUrl\":\"https:\\\/\\\/muhteremoezbel.clickzaar.com\\\/wp-content\\\/uploads\\\/2026\\\/03\\\/car-4.webp\"},{\"@type\":\"BreadcrumbList\",\"@id\":\"https:\\\/\\\/muhteremoezbel.clickzaar.com\\\/blog\\\/#breadcrumb\",\"itemListElement\":[{\"@type\":\"ListItem\",\"position\":1,\"name\":\"Home\",\"item\":\"https:\\\/\\\/muhteremoezbel.clickzaar.com\\\/\"},{\"@type\":\"ListItem\",\"position\":2,\"name\":\"Blog\"}]},{\"@type\":\"WebSite\",\"@id\":\"https:\\\/\\\/muhteremoezbel.clickzaar.com\\\/#website\",\"url\":\"https:\\\/\\\/muhteremoezbel.clickzaar.com\\\/\",\"name\":\"Car Center Baden\",\"description\":\"\",\"publisher\":{\"@id\":\"https:\\\/\\\/muhteremoezbel.clickzaar.com\\\/#organization\"},\"potentialAction\":[{\"@type\":\"SearchAction\",\"target\":{\"@type\":\"EntryPoint\",\"urlTemplate\":\"https:\\\/\\\/muhteremoezbel.clickzaar.com\\\/?s={search_term_string}\"},\"query-input\":{\"@type\":\"PropertyValueSpecification\",\"valueRequired\":true,\"valueName\":\"search_term_string\"}}],\"inLanguage\":\"tr\"},{\"@type\":\"Organization\",\"@id\":\"https:\\\/\\\/muhteremoezbel.clickzaar.com\\\/#organization\",\"name\":\"Car Center Baden\",\"url\":\"https:\\\/\\\/muhteremoezbel.clickzaar.com\\\/\",\"logo\":{\"@type\":\"ImageObject\",\"inLanguage\":\"tr\",\"@id\":\"https:\\\/\\\/muhteremoezbel.clickzaar.com\\\/#\\\/schema\\\/logo\\\/image\\\/\",\"url\":\"https:\\\/\\\/muhteremoezbel.clickzaar.com\\\/wp-content\\\/uploads\\\/2024\\\/07\\\/cropped-car-center-baden-logo-dark.png\",\"contentUrl\":\"https:\\\/\\\/muhteremoezbel.clickzaar.com\\\/wp-content\\\/uploads\\\/2024\\\/07\\\/cropped-car-center-baden-logo-dark.png\",\"width\":1152,\"height\":288,\"caption\":\"Car Center Baden\"},\"image\":{\"@id\":\"https:\\\/\\\/muhteremoezbel.clickzaar.com\\\/#\\\/schema\\\/logo\\\/image\\\/\"}}]}<\/script>\n<!-- \/ Yoast SEO plugin. -->","yoast_head_json":{"title":"Blog - Car Center Baden","robots":{"index":"index","follow":"follow","max-snippet":"max-snippet:-1","max-image-preview":"max-image-preview:large","max-video-preview":"max-video-preview:-1"},"canonical":"https:\/\/muhteremoezbel.clickzaar.com\/tr\/blog\/","og_locale":"tr_TR","og_type":"article","og_title":"Blog - Car Center Baden","og_description":"Erweitere dein Wissen durch das Lesen von Artikeln","og_url":"https:\/\/muhteremoezbel.clickzaar.com\/tr\/blog\/","og_site_name":"Car Center Baden","article_modified_time":"2026-03-24T19:16:03+00:00","og_image":[{"url":"https:\/\/muhteremoezbel.clickzaar.com\/wp-content\/uploads\/2026\/03\/car-4.webp","type":"","width":"","height":""}],"twitter_card":"summary_large_image","twitter_misc":{"Tahmini okuma s\u00fcresi":"1 dakika"},"schema":{"@context":"https:\/\/schema.org","@graph":[{"@type":"WebPage","@id":"https:\/\/muhteremoezbel.clickzaar.com\/blog\/","url":"https:\/\/muhteremoezbel.clickzaar.com\/blog\/","name":"Blog - Car Center Baden","isPartOf":{"@id":"https:\/\/muhteremoezbel.clickzaar.com\/#website"},"primaryImageOfPage":{"@id":"https:\/\/muhteremoezbel.clickzaar.com\/blog\/#primaryimage"},"image":{"@id":"https:\/\/muhteremoezbel.clickzaar.com\/blog\/#primaryimage"},"thumbnailUrl":"https:\/\/muhteremoezbel.clickzaar.com\/wp-content\/uploads\/2026\/03\/car-4.webp","datePublished":"2024-07-25T22:26:28+00:00","dateModified":"2026-03-24T19:16:03+00:00","breadcrumb":{"@id":"https:\/\/muhteremoezbel.clickzaar.com\/blog\/#breadcrumb"},"inLanguage":"tr","potentialAction":[{"@type":"ReadAction","target":["https:\/\/muhteremoezbel.clickzaar.com\/blog\/"]}]},{"@type":"ImageObject","inLanguage":"tr","@id":"https:\/\/muhteremoezbel.clickzaar.com\/blog\/#primaryimage","url":"https:\/\/muhteremoezbel.clickzaar.com\/wp-content\/uploads\/2026\/03\/car-4.webp","contentUrl":"https:\/\/muhteremoezbel.clickzaar.com\/wp-content\/uploads\/2026\/03\/car-4.webp"},{"@type":"BreadcrumbList","@id":"https:\/\/muhteremoezbel.clickzaar.com\/blog\/#breadcrumb","itemListElement":[{"@type":"ListItem","position":1,"name":"Home","item":"https:\/\/muhteremoezbel.clickzaar.com\/"},{"@type":"ListItem","position":2,"name":"Blog"}]},{"@type":"WebSite","@id":"https:\/\/muhteremoezbel.clickzaar.com\/#website","url":"https:\/\/muhteremoezbel.clickzaar.com\/","name":"Car Center Baden","description":"","publisher":{"@id":"https:\/\/muhteremoezbel.clickzaar.com\/#organization"},"potentialAction":[{"@type":"SearchAction","target":{"@type":"EntryPoint","urlTemplate":"https:\/\/muhteremoezbel.clickzaar.com\/?s={search_term_string}"},"query-input":{"@type":"PropertyValueSpecification","valueRequired":true,"valueName":"search_term_string"}}],"inLanguage":"tr"},{"@type":"Organization","@id":"https:\/\/muhteremoezbel.clickzaar.com\/#organization","name":"Car Center Baden","url":"https:\/\/muhteremoezbel.clickzaar.com\/","logo":{"@type":"ImageObject","inLanguage":"tr","@id":"https:\/\/muhteremoezbel.clickzaar.com\/#\/schema\/logo\/image\/","url":"https:\/\/muhteremoezbel.clickzaar.com\/wp-content\/uploads\/2024\/07\/cropped-car-center-baden-logo-dark.png","contentUrl":"https:\/\/muhteremoezbel.clickzaar.com\/wp-content\/uploads\/2024\/07\/cropped-car-center-baden-logo-dark.png","width":1152,"height":288,"caption":"Car Center Baden"},"image":{"@id":"https:\/\/muhteremoezbel.clickzaar.com\/#\/schema\/logo\/image\/"}}]}},"_links":{"self":[{"href":"https:\/\/muhteremoezbel.clickzaar.com\/tr\/wp-json\/wp\/v2\/pages\/248","targetHints":{"allow":["GET"]}}],"collection":[{"href":"https:\/\/muhteremoezbel.clickzaar.com\/tr\/wp-json\/wp\/v2\/pages"}],"about":[{"href":"https:\/\/muhteremoezbel.clickzaar.com\/tr\/wp-json\/wp\/v2\/types\/page"}],"author":[{"embeddable":true,"href":"https:\/\/muhteremoezbel.clickzaar.com\/tr\/wp-json\/wp\/v2\/users\/1"}],"replies":[{"embeddable":true,"href":"https:\/\/muhteremoezbel.clickzaar.com\/tr\/wp-json\/wp\/v2\/comments?post=248"}],"version-history":[{"count":7,"href":"https:\/\/muhteremoezbel.clickzaar.com\/tr\/wp-json\/wp\/v2\/pages\/248\/revisions"}],"predecessor-version":[{"id":896,"href":"https:\/\/muhteremoezbel.clickzaar.com\/tr\/wp-json\/wp\/v2\/pages\/248\/revisions\/896"}],"wp:attachment":[{"href":"https:\/\/muhteremoezbel.clickzaar.com\/tr\/wp-json\/wp\/v2\/media?parent=248"}],"curies":[{"name":"wp","href":"https:\/\/api.w.org\/{rel}","templated":true}]}}