{"id":213,"date":"2024-07-25T21:52:32","date_gmt":"2024-07-25T21:52:32","guid":{"rendered":"https:\/\/sites.generatepress.com\/harmony\/?page_id=213"},"modified":"2026-03-24T19:14:00","modified_gmt":"2026-03-24T19:14:00","slug":"uber-uns","status":"publish","type":"page","link":"https:\/\/muhteremoezbel.clickzaar.com\/tr\/uber-uns\/","title":{"rendered":"Hakk\u0131m\u0131zda"},"content":{"rendered":"<div class=\"gbp-section gb-element-f61c4262\">\n<div class=\"gb-element-a162fb9d\">\n<div class=\"gb-element-49ce51bb\">\n<h1 class=\"gb-text gbp-section__headline gb-text-91fbb44e\">\u0130\u00e7in g\u00fcvenilir Orta\u011f\u0131n\u0131z <strong><mark style=\"background-color:rgba(0, 0, 0, 0)\" class=\"has-inline-color has-accent-color\">Premium ara\u00e7lar<\/mark><\/strong><\/h1>\n\n\n\n<div class=\"gb-text gbp-section__text gb-text-50498ce2\">Yenili\u011fin yolculukla karakterize edildi\u011fi Baden'in Otomobil Merkezine ho\u015f geldiniz. S\u00fcr\u00fc\u015f deneyiminizi bir sonraki seviyeye ta\u015f\u0131yacak bir dizi ara\u00e7 ke\u015ffedeceksiniz.<\/div>\n<\/div>\n<\/div>\n\n\n\n<div class=\"hero-image-fit gb-element-0d98e01a\">\n<img loading=\"lazy\" decoding=\"async\" width=\"2560\" height=\"1709\" class=\"gb-media-30559b7b\" src=\"https:\/\/muhteremoezbel.clickzaar.com\/wp-content\/uploads\/2026\/03\/couple-driving-convertible-car-near-the-ocean-2026-01-08-22-31-08-utc-1-scaled.jpg\" title=\"okyanusa yak\u0131n \u00e7ift s\u00fcr\u00fc\u015fl\u00fc d\u00f6n\u00fc\u015ft\u00fcr\u00fclebilir araba-2026-01-08-22-31-08-utc\" alt=\"\" srcset=\"https:\/\/muhteremoezbel.clickzaar.com\/wp-content\/uploads\/2026\/03\/couple-driving-convertible-car-near-the-ocean-2026-01-08-22-31-08-utc-1-scaled.jpg 2560w, https:\/\/muhteremoezbel.clickzaar.com\/wp-content\/uploads\/2026\/03\/couple-driving-convertible-car-near-the-ocean-2026-01-08-22-31-08-utc-1-300x200.jpg 300w, https:\/\/muhteremoezbel.clickzaar.com\/wp-content\/uploads\/2026\/03\/couple-driving-convertible-car-near-the-ocean-2026-01-08-22-31-08-utc-1-1024x684.jpg 1024w, https:\/\/muhteremoezbel.clickzaar.com\/wp-content\/uploads\/2026\/03\/couple-driving-convertible-car-near-the-ocean-2026-01-08-22-31-08-utc-1-768x513.jpg 768w, https:\/\/muhteremoezbel.clickzaar.com\/wp-content\/uploads\/2026\/03\/couple-driving-convertible-car-near-the-ocean-2026-01-08-22-31-08-utc-1-1536x1026.jpg 1536w, https:\/\/muhteremoezbel.clickzaar.com\/wp-content\/uploads\/2026\/03\/couple-driving-convertible-car-near-the-ocean-2026-01-08-22-31-08-utc-1-2048x1367.jpg 2048w\" sizes=\"auto, (max-width: 2560px) 100vw, 2560px\" \/>\n<\/div>\n<\/div>\n\n\n\n<div class=\"gbp-section\">\n<div class=\"gbp-section__inner gbp-display__flex gb-element-e8e73217\">\n<div class=\"gbp-display__flex gb-element-bb8e877f\">\n<p class=\"gb-text gb-text-acb130ce\">50M<\/p>\n\n\n\n<p class=\"gb-text gb-text-2d235ab4\">Araba satmak i\u00e7in<\/p>\n<\/div>\n\n\n\n<div class=\"gbp-display__flex gb-element-fe8968f1\">\n<p class=\"gb-text gb-text-3f6b0245\">5500+<\/p>\n\n\n\n<p class=\"gb-text gb-text-7672da22\">Bayi de\u011ferlendirmesi<\/p>\n<\/div>\n\n\n\n<div class=\"gbp-display__flex gb-element-d219d345\">\n<p class=\"gb-text gb-text-5989d78b\">350M<\/p>\n\n\n\n<p class=\"gb-text gb-text-4da89e8b\">Do\u011frulanm\u0131\u015f Kullan\u0131c\u0131<\/p>\n<\/div>\n\n\n\n<div class=\"gbp-display__flex gb-element-663cb9af\">\n<p class=\"gb-text gb-text-c3e45c57\">10M<\/p>\n\n\n\n<p class=\"gb-text gb-text-f01ba9f5\">G\u00fcnl\u00fck ziyaret\u00e7i say\u0131s\u0131<\/p>\n<\/div>\n<\/div>\n<\/div>\n\n\n\n<div class=\"gbp-section gb-element-e07a7685\">\n<div class=\"gbp-section__inner gb-element-5fe9275f\">\n<div class=\"gb-element-94049510\">\n<h2 class=\"gb-text gbp-section__headline gb-text-e21673b2\">Servis merkezi<\/h2>\n<\/div>\n\n\n\n<img loading=\"lazy\" decoding=\"async\" width=\"1590\" height=\"1044\" class=\"gb-media-1da3d6ea\" src=\"https:\/\/muhteremoezbel.clickzaar.com\/wp-content\/uploads\/2026\/03\/car-6-1.webp\" title=\"araba-6\" alt=\"\" srcset=\"https:\/\/muhteremoezbel.clickzaar.com\/wp-content\/uploads\/2026\/03\/car-6-1.webp 1590w, https:\/\/muhteremoezbel.clickzaar.com\/wp-content\/uploads\/2026\/03\/car-6-1-300x197.webp 300w, https:\/\/muhteremoezbel.clickzaar.com\/wp-content\/uploads\/2026\/03\/car-6-1-1024x672.webp 1024w, https:\/\/muhteremoezbel.clickzaar.com\/wp-content\/uploads\/2026\/03\/car-6-1-768x504.webp 768w, https:\/\/muhteremoezbel.clickzaar.com\/wp-content\/uploads\/2026\/03\/car-6-1-1536x1009.webp 1536w\" sizes=\"auto, (max-width: 1590px) 100vw, 1590px\" \/>\n\n\n\n<div class=\"gb-element-4c9b38ed\">\n<div class=\"gb-text gbp-section__text\">Yenili\u011fin yolculukla karakterize edildi\u011fi Baden'in Otomobil Merkezine ho\u015f geldiniz. S\u00fcr\u00fc\u015f deneyiminizi geli\u015ftiren bir dizi \u00fcr\u00fcn\u00fc ke\u015ffedin. L\u00fctfen birka\u00e7 dakika \u00f6nce gelin. De\u011fi\u015fmek i\u00e7in randevuna ihtiyac\u0131n olursa, bizi araman yeterli. Arac\u0131n\u0131za servis yapmay\u0131 ve sorunsuz \u00e7al\u0131\u015fmay\u0131 d\u00f6rt g\u00f6zle bekliyoruz. Arac\u0131n\u0131za birinci s\u0131n\u0131f Hizmet vermeyi d\u00f6rt g\u00f6zle bekliyoruz!<\/div>\n<\/div>\n<\/div>\n<\/div>\n\n\n\n<div class=\"gbp-section gb-element-1bb62357\">\n<div class=\"gbp-section__inner gb-element-88705ddc\">\n<div class=\"gb-element-3daef583\">\n<h2 class=\"gb-text gbp-section__headline\">Hadi tan\u0131\u015fal\u0131m <strong><mark style=\"background-color:rgba(0, 0, 0, 0)\" class=\"has-inline-color has-accent-color\">Uzman\u0131m\u0131z<\/mark><\/strong><\/h2>\n\n\n\n<div class=\"gb-text gbp-section__text\">\u015eefkatli profesyonellerin kendilerini bak\u0131mlar\u0131na adad\u0131klar\u0131n\u0131 bildiklerini \u00f6\u011frenin.<\/div>\n\n\n\n<div class=\"gb-element-94310646\">\n<a class=\"gb-text gbp-button--primary gb-text-7e84069d\">Ekibimizle Tan\u0131\u015f\u0131n<\/a>\n<\/div>\n<\/div>\n\n\n\n<div class=\"gb-element-ba5fa1c5\">\n<div class=\"gb-element-38244a8d\">\n<div class=\"gb-element-da6eb167\">\n<img loading=\"lazy\" decoding=\"async\" width=\"600\" height=\"400\" class=\"gb-media-aaf9d719\" src=\"https:\/\/muhteremoezbel.clickzaar.com\/wp-content\/uploads\/2024\/07\/harmony-team-1.jpg\" title=\"uyum tak\u0131m\u0131-1\" srcset=\"https:\/\/muhteremoezbel.clickzaar.com\/wp-content\/uploads\/2024\/07\/harmony-team-1.jpg 600w, https:\/\/muhteremoezbel.clickzaar.com\/wp-content\/uploads\/2024\/07\/harmony-team-1-300x200.jpg 300w\" sizes=\"auto, (max-width: 600px) 100vw, 600px\" \/>\n\n\n\n<div class=\"gb-text gb-text-0cd73c4f\">Doktor Emily Bennett<\/div>\n\n\n\n<div class=\"gb-text gb-text-fa5936ad\">Araba Uzman\u0131<\/div>\n\n\n\n<div class=\"gb-text gb-text-975f244f\">Doktor Emily Bennett<\/div>\n<\/div>\n\n\n\n<div class=\"gb-element-0721819a\">\n<img loading=\"lazy\" decoding=\"async\" width=\"600\" height=\"400\" class=\"gb-media-38bd50f1\" src=\"https:\/\/muhteremoezbel.clickzaar.com\/wp-content\/uploads\/2024\/07\/harmony-team-2.jpg\" title=\"uyum tak\u0131m\u0131-2\" srcset=\"https:\/\/muhteremoezbel.clickzaar.com\/wp-content\/uploads\/2024\/07\/harmony-team-2.jpg 600w, https:\/\/muhteremoezbel.clickzaar.com\/wp-content\/uploads\/2024\/07\/harmony-team-2-300x200.jpg 300w\" sizes=\"auto, (max-width: 600px) 100vw, 600px\" \/>\n\n\n\n<div class=\"gb-text gb-text-4ed6872c\">Angela Martin'in<\/div>\n\n\n\n<div class=\"gb-text gb-text-238b3b36\">Araba Uzman\u0131<\/div>\n\n\n\n<div class=\"gb-text gb-text-a7f084d6\">Doktor Emily Bennett<\/div>\n<\/div>\n\n\n\n<div class=\"gb-element-8984b7eb\">\n<img loading=\"lazy\" decoding=\"async\" width=\"600\" height=\"400\" class=\"gb-media-fab8dacb\" src=\"https:\/\/muhteremoezbel.clickzaar.com\/wp-content\/uploads\/2024\/07\/harmony-team-3.jpg\" title=\"uyum tak\u0131m\u0131-3\" srcset=\"https:\/\/muhteremoezbel.clickzaar.com\/wp-content\/uploads\/2024\/07\/harmony-team-3.jpg 600w, https:\/\/muhteremoezbel.clickzaar.com\/wp-content\/uploads\/2024\/07\/harmony-team-3-300x200.jpg 300w\" sizes=\"auto, (max-width: 600px) 100vw, 600px\" \/>\n\n\n\n<div class=\"gb-text gb-text-2cc7a45b\">Rachel Kim'in<\/div>\n\n\n\n<div class=\"gb-text gb-text-b1ee8a1e\">Araba Uzman\u0131<\/div>\n\n\n\n<div class=\"gb-text gb-text-15e80180\">Doktor Emily Bennett<\/div>\n<\/div>\n\n\n\n<div class=\"gb-element-bc001ff4\">\n<img loading=\"lazy\" decoding=\"async\" width=\"600\" height=\"400\" class=\"gb-media-ed1c7f98\" src=\"https:\/\/muhteremoezbel.clickzaar.com\/wp-content\/uploads\/2024\/07\/harmony-team-4.jpg\" title=\"uyum tak\u0131m\u0131-4\" srcset=\"https:\/\/muhteremoezbel.clickzaar.com\/wp-content\/uploads\/2024\/07\/harmony-team-4.jpg 600w, https:\/\/muhteremoezbel.clickzaar.com\/wp-content\/uploads\/2024\/07\/harmony-team-4-300x200.jpg 300w\" sizes=\"auto, (max-width: 600px) 100vw, 600px\" \/>\n\n\n\n<div class=\"gb-text gb-text-a81b345f\">Sarah Clarke'\u0131n<\/div>\n\n\n\n<div class=\"gb-text gb-text-6bfa389f\">Araba Uzman\u0131<\/div>\n\n\n\n<div class=\"gb-text gb-text-c1900ffb\">Doktor Emily Bennett<\/div>\n<\/div>\n<\/div>\n<\/div>\n<\/div>\n<\/div>\n\n\n\n<div class=\"gbp-section\">\n<div class=\"gbp-section__inner gb-element-ea120f3e\">\n<h2 class=\"gb-text\">M\u00fc\u015fterimiz hakk\u0131m\u0131zda ne diyor<\/h2>\n\n\n\n<div class=\"gb-element-b153a2eb\">\n<div class=\"gb-text gbp-section__text gb-text-08898476\"><em>Bu Hizmet beklentilerimi a\u015ft\u0131. Ekip profesyoneldi, h\u0131zl\u0131yd\u0131 ve birinci s\u0131n\u0131f bir deneyimin ba\u015f\u0131ndan sonuna kadar bana teklif etmeye ger\u00e7ekten dikkatliydi.<\/em><\/div>\n\n\n\n<div class=\"gb-element-fd1538ec\">\n<img loading=\"lazy\" decoding=\"async\" width=\"150\" height=\"150\" class=\"gb-media-aaba259f\" src=\"https:\/\/sites.generatepress.com\/harmony\/wp-content\/uploads\/sites\/145\/2024\/07\/testimonial-avatar-150x150.jpeg\" title=\"referans-avatar\" srcset=\"https:\/\/muhteremoezbel.clickzaar.com\/wp-content\/uploads\/2024\/07\/testimonial-avatar-150x150.jpeg 150w, https:\/\/muhteremoezbel.clickzaar.com\/wp-content\/uploads\/2024\/07\/testimonial-avatar-300x300.jpeg 300w, https:\/\/muhteremoezbel.clickzaar.com\/wp-content\/uploads\/2024\/07\/testimonial-avatar-768x768.jpeg 768w, https:\/\/muhteremoezbel.clickzaar.com\/wp-content\/uploads\/2024\/07\/testimonial-avatar.jpeg 1024w\" sizes=\"auto, (max-width: 150px) 100vw, 150px\" \/>\n\n\n\n<div class=\"gb-element-fd4694cb\">\n<div class=\"gb-text gb-text-04bc9cbf\">Masahiro Moro'nun<\/div>\n\n\n\n<div class=\"gb-text gb-text-94294e4a\">Mazda'n\u0131n CEO'su<\/div>\n<\/div>\n<\/div>\n<\/div>\n<\/div>\n<\/div>","protected":false},"excerpt":{"rendered":"<p>Ihr vertrauensw\u00fcrdiger Partner f\u00fcr Premiumfahrzeuge Willkommen im Car Center Baden, wo Innovation jede Fahrt pr\u00e4gt. Entdecken Sie eine Reihe von Fahrzeugen, die Ihr Fahrerlebnis auf ein neues Niveau heben. 50M Autos zu verkaufen 5500+ H\u00e4ndlerbewertung 350M Verifizierter Nutzer 10M Besucher pro Tag Servicezentrum Willkommen im Car Center Baden, wo Innovation jede Fahrt pr\u00e4gt. Entdecken Sie &#8230; <a title=\"Hakk\u0131m\u0131zda\" class=\"read-more\" href=\"https:\/\/muhteremoezbel.clickzaar.com\/tr\/uber-uns\/\" aria-label=\"Read more about \u00dcber uns\">Read more<\/a><\/p>","protected":false},"author":1,"featured_media":0,"parent":0,"menu_order":0,"comment_status":"closed","ping_status":"closed","template":"","meta":{"_acf_changed":false,"inline_featured_image":false,"footnotes":""},"class_list":["post-213","page","type-page","status-publish"],"acf":[],"yoast_head":"<!-- This site is optimized with the Yoast SEO plugin v27.4 - https:\/\/yoast.com\/product\/yoast-seo-wordpress\/ -->\n<title>\u00dcber uns - Car Center Baden<\/title>\n<meta name=\"robots\" content=\"index, follow, max-snippet:-1, max-image-preview:large, max-video-preview:-1\" \/>\n<link rel=\"canonical\" href=\"https:\/\/muhteremoezbel.clickzaar.com\/tr\/uber-uns\/\" \/>\n<meta property=\"og:locale\" content=\"tr_TR\" \/>\n<meta property=\"og:type\" content=\"article\" \/>\n<meta property=\"og:title\" content=\"\u00dcber uns - Car Center Baden\" \/>\n<meta property=\"og:description\" content=\"Ihr vertrauensw\u00fcrdiger Partner f\u00fcr Premiumfahrzeuge Willkommen im Car Center Baden, wo Innovation jede Fahrt pr\u00e4gt. Entdecken Sie eine Reihe von Fahrzeugen, die Ihr Fahrerlebnis auf ein neues Niveau heben. 50M Autos zu verkaufen 5500+ H\u00e4ndlerbewertung 350M Verifizierter Nutzer 10M Besucher pro Tag Servicezentrum Willkommen im Car Center Baden, wo Innovation jede Fahrt pr\u00e4gt. Entdecken Sie ... Read more\" \/>\n<meta property=\"og:url\" content=\"https:\/\/muhteremoezbel.clickzaar.com\/tr\/uber-uns\/\" \/>\n<meta property=\"og:site_name\" content=\"Car Center Baden\" \/>\n<meta property=\"article:modified_time\" content=\"2026-03-24T19:14:00+00:00\" \/>\n<meta property=\"og:image\" content=\"https:\/\/muhteremoezbel.clickzaar.com\/wp-content\/uploads\/2026\/03\/couple-driving-convertible-car-near-the-ocean-2026-01-08-22-31-08-utc-1-scaled.jpg\" \/>\n<meta name=\"twitter:card\" content=\"summary_large_image\" \/>\n<meta name=\"twitter:label1\" content=\"Tahmini okuma s\u00fcresi\" \/>\n\t<meta name=\"twitter:data1\" content=\"3 dakika\" \/>\n<script type=\"application\/ld+json\" class=\"yoast-schema-graph\">{\"@context\":\"https:\\\/\\\/schema.org\",\"@graph\":[{\"@type\":\"WebPage\",\"@id\":\"https:\\\/\\\/muhteremoezbel.clickzaar.com\\\/uber-uns\\\/\",\"url\":\"https:\\\/\\\/muhteremoezbel.clickzaar.com\\\/uber-uns\\\/\",\"name\":\"\u00dcber uns - Car Center Baden\",\"isPartOf\":{\"@id\":\"https:\\\/\\\/muhteremoezbel.clickzaar.com\\\/#website\"},\"primaryImageOfPage\":{\"@id\":\"https:\\\/\\\/muhteremoezbel.clickzaar.com\\\/uber-uns\\\/#primaryimage\"},\"image\":{\"@id\":\"https:\\\/\\\/muhteremoezbel.clickzaar.com\\\/uber-uns\\\/#primaryimage\"},\"thumbnailUrl\":\"https:\\\/\\\/muhteremoezbel.clickzaar.com\\\/wp-content\\\/uploads\\\/2026\\\/03\\\/couple-driving-convertible-car-near-the-ocean-2026-01-08-22-31-08-utc-1-scaled.jpg\",\"datePublished\":\"2024-07-25T21:52:32+00:00\",\"dateModified\":\"2026-03-24T19:14:00+00:00\",\"breadcrumb\":{\"@id\":\"https:\\\/\\\/muhteremoezbel.clickzaar.com\\\/uber-uns\\\/#breadcrumb\"},\"inLanguage\":\"tr\",\"potentialAction\":[{\"@type\":\"ReadAction\",\"target\":[\"https:\\\/\\\/muhteremoezbel.clickzaar.com\\\/uber-uns\\\/\"]}]},{\"@type\":\"ImageObject\",\"inLanguage\":\"tr\",\"@id\":\"https:\\\/\\\/muhteremoezbel.clickzaar.com\\\/uber-uns\\\/#primaryimage\",\"url\":\"https:\\\/\\\/muhteremoezbel.clickzaar.com\\\/wp-content\\\/uploads\\\/2026\\\/03\\\/couple-driving-convertible-car-near-the-ocean-2026-01-08-22-31-08-utc-1-scaled.jpg\",\"contentUrl\":\"https:\\\/\\\/muhteremoezbel.clickzaar.com\\\/wp-content\\\/uploads\\\/2026\\\/03\\\/couple-driving-convertible-car-near-the-ocean-2026-01-08-22-31-08-utc-1-scaled.jpg\"},{\"@type\":\"BreadcrumbList\",\"@id\":\"https:\\\/\\\/muhteremoezbel.clickzaar.com\\\/uber-uns\\\/#breadcrumb\",\"itemListElement\":[{\"@type\":\"ListItem\",\"position\":1,\"name\":\"Home\",\"item\":\"https:\\\/\\\/muhteremoezbel.clickzaar.com\\\/\"},{\"@type\":\"ListItem\",\"position\":2,\"name\":\"\u00dcber uns\"}]},{\"@type\":\"WebSite\",\"@id\":\"https:\\\/\\\/muhteremoezbel.clickzaar.com\\\/#website\",\"url\":\"https:\\\/\\\/muhteremoezbel.clickzaar.com\\\/\",\"name\":\"Car Center Baden\",\"description\":\"\",\"publisher\":{\"@id\":\"https:\\\/\\\/muhteremoezbel.clickzaar.com\\\/#organization\"},\"potentialAction\":[{\"@type\":\"SearchAction\",\"target\":{\"@type\":\"EntryPoint\",\"urlTemplate\":\"https:\\\/\\\/muhteremoezbel.clickzaar.com\\\/?s={search_term_string}\"},\"query-input\":{\"@type\":\"PropertyValueSpecification\",\"valueRequired\":true,\"valueName\":\"search_term_string\"}}],\"inLanguage\":\"tr\"},{\"@type\":\"Organization\",\"@id\":\"https:\\\/\\\/muhteremoezbel.clickzaar.com\\\/#organization\",\"name\":\"Car Center Baden\",\"url\":\"https:\\\/\\\/muhteremoezbel.clickzaar.com\\\/\",\"logo\":{\"@type\":\"ImageObject\",\"inLanguage\":\"tr\",\"@id\":\"https:\\\/\\\/muhteremoezbel.clickzaar.com\\\/#\\\/schema\\\/logo\\\/image\\\/\",\"url\":\"https:\\\/\\\/muhteremoezbel.clickzaar.com\\\/wp-content\\\/uploads\\\/2024\\\/07\\\/cropped-car-center-baden-logo-dark.png\",\"contentUrl\":\"https:\\\/\\\/muhteremoezbel.clickzaar.com\\\/wp-content\\\/uploads\\\/2024\\\/07\\\/cropped-car-center-baden-logo-dark.png\",\"width\":1152,\"height\":288,\"caption\":\"Car Center Baden\"},\"image\":{\"@id\":\"https:\\\/\\\/muhteremoezbel.clickzaar.com\\\/#\\\/schema\\\/logo\\\/image\\\/\"}}]}<\/script>\n<!-- \/ Yoast SEO plugin. -->","yoast_head_json":{"title":"\u00dcber uns - Car Center Baden","robots":{"index":"index","follow":"follow","max-snippet":"max-snippet:-1","max-image-preview":"max-image-preview:large","max-video-preview":"max-video-preview:-1"},"canonical":"https:\/\/muhteremoezbel.clickzaar.com\/tr\/uber-uns\/","og_locale":"tr_TR","og_type":"article","og_title":"\u00dcber uns - Car Center Baden","og_description":"Ihr vertrauensw\u00fcrdiger Partner f\u00fcr Premiumfahrzeuge Willkommen im Car Center Baden, wo Innovation jede Fahrt pr\u00e4gt. Entdecken Sie eine Reihe von Fahrzeugen, die Ihr Fahrerlebnis auf ein neues Niveau heben. 50M Autos zu verkaufen 5500+ H\u00e4ndlerbewertung 350M Verifizierter Nutzer 10M Besucher pro Tag Servicezentrum Willkommen im Car Center Baden, wo Innovation jede Fahrt pr\u00e4gt. Entdecken Sie ... Read more","og_url":"https:\/\/muhteremoezbel.clickzaar.com\/tr\/uber-uns\/","og_site_name":"Car Center Baden","article_modified_time":"2026-03-24T19:14:00+00:00","og_image":[{"url":"https:\/\/muhteremoezbel.clickzaar.com\/wp-content\/uploads\/2026\/03\/couple-driving-convertible-car-near-the-ocean-2026-01-08-22-31-08-utc-1-scaled.jpg","type":"","width":"","height":""}],"twitter_card":"summary_large_image","twitter_misc":{"Tahmini okuma s\u00fcresi":"3 dakika"},"schema":{"@context":"https:\/\/schema.org","@graph":[{"@type":"WebPage","@id":"https:\/\/muhteremoezbel.clickzaar.com\/uber-uns\/","url":"https:\/\/muhteremoezbel.clickzaar.com\/uber-uns\/","name":"\u00dcber uns - Car Center Baden","isPartOf":{"@id":"https:\/\/muhteremoezbel.clickzaar.com\/#website"},"primaryImageOfPage":{"@id":"https:\/\/muhteremoezbel.clickzaar.com\/uber-uns\/#primaryimage"},"image":{"@id":"https:\/\/muhteremoezbel.clickzaar.com\/uber-uns\/#primaryimage"},"thumbnailUrl":"https:\/\/muhteremoezbel.clickzaar.com\/wp-content\/uploads\/2026\/03\/couple-driving-convertible-car-near-the-ocean-2026-01-08-22-31-08-utc-1-scaled.jpg","datePublished":"2024-07-25T21:52:32+00:00","dateModified":"2026-03-24T19:14:00+00:00","breadcrumb":{"@id":"https:\/\/muhteremoezbel.clickzaar.com\/uber-uns\/#breadcrumb"},"inLanguage":"tr","potentialAction":[{"@type":"ReadAction","target":["https:\/\/muhteremoezbel.clickzaar.com\/uber-uns\/"]}]},{"@type":"ImageObject","inLanguage":"tr","@id":"https:\/\/muhteremoezbel.clickzaar.com\/uber-uns\/#primaryimage","url":"https:\/\/muhteremoezbel.clickzaar.com\/wp-content\/uploads\/2026\/03\/couple-driving-convertible-car-near-the-ocean-2026-01-08-22-31-08-utc-1-scaled.jpg","contentUrl":"https:\/\/muhteremoezbel.clickzaar.com\/wp-content\/uploads\/2026\/03\/couple-driving-convertible-car-near-the-ocean-2026-01-08-22-31-08-utc-1-scaled.jpg"},{"@type":"BreadcrumbList","@id":"https:\/\/muhteremoezbel.clickzaar.com\/uber-uns\/#breadcrumb","itemListElement":[{"@type":"ListItem","position":1,"name":"Home","item":"https:\/\/muhteremoezbel.clickzaar.com\/"},{"@type":"ListItem","position":2,"name":"\u00dcber uns"}]},{"@type":"WebSite","@id":"https:\/\/muhteremoezbel.clickzaar.com\/#website","url":"https:\/\/muhteremoezbel.clickzaar.com\/","name":"Car Center Baden","description":"","publisher":{"@id":"https:\/\/muhteremoezbel.clickzaar.com\/#organization"},"potentialAction":[{"@type":"SearchAction","target":{"@type":"EntryPoint","urlTemplate":"https:\/\/muhteremoezbel.clickzaar.com\/?s={search_term_string}"},"query-input":{"@type":"PropertyValueSpecification","valueRequired":true,"valueName":"search_term_string"}}],"inLanguage":"tr"},{"@type":"Organization","@id":"https:\/\/muhteremoezbel.clickzaar.com\/#organization","name":"Car Center Baden","url":"https:\/\/muhteremoezbel.clickzaar.com\/","logo":{"@type":"ImageObject","inLanguage":"tr","@id":"https:\/\/muhteremoezbel.clickzaar.com\/#\/schema\/logo\/image\/","url":"https:\/\/muhteremoezbel.clickzaar.com\/wp-content\/uploads\/2024\/07\/cropped-car-center-baden-logo-dark.png","contentUrl":"https:\/\/muhteremoezbel.clickzaar.com\/wp-content\/uploads\/2024\/07\/cropped-car-center-baden-logo-dark.png","width":1152,"height":288,"caption":"Car Center Baden"},"image":{"@id":"https:\/\/muhteremoezbel.clickzaar.com\/#\/schema\/logo\/image\/"}}]}},"_links":{"self":[{"href":"https:\/\/muhteremoezbel.clickzaar.com\/tr\/wp-json\/wp\/v2\/pages\/213","targetHints":{"allow":["GET"]}}],"collection":[{"href":"https:\/\/muhteremoezbel.clickzaar.com\/tr\/wp-json\/wp\/v2\/pages"}],"about":[{"href":"https:\/\/muhteremoezbel.clickzaar.com\/tr\/wp-json\/wp\/v2\/types\/page"}],"author":[{"embeddable":true,"href":"https:\/\/muhteremoezbel.clickzaar.com\/tr\/wp-json\/wp\/v2\/users\/1"}],"replies":[{"embeddable":true,"href":"https:\/\/muhteremoezbel.clickzaar.com\/tr\/wp-json\/wp\/v2\/comments?post=213"}],"version-history":[{"count":11,"href":"https:\/\/muhteremoezbel.clickzaar.com\/tr\/wp-json\/wp\/v2\/pages\/213\/revisions"}],"predecessor-version":[{"id":893,"href":"https:\/\/muhteremoezbel.clickzaar.com\/tr\/wp-json\/wp\/v2\/pages\/213\/revisions\/893"}],"wp:attachment":[{"href":"https:\/\/muhteremoezbel.clickzaar.com\/tr\/wp-json\/wp\/v2\/media?parent=213"}],"curies":[{"name":"wp","href":"https:\/\/api.w.org\/{rel}","templated":true}]}}