{"id":213,"date":"2024-07-25T21:52:32","date_gmt":"2024-07-25T21:52:32","guid":{"rendered":"https:\/\/sites.generatepress.com\/harmony\/?page_id=213"},"modified":"2026-03-24T19:14:00","modified_gmt":"2026-03-24T19:14:00","slug":"uber-uns","status":"publish","type":"page","link":"https:\/\/muhteremoezbel.clickzaar.com\/en\/uber-uns\/","title":{"rendered":"About us"},"content":{"rendered":"<div class=\"gbp-section gb-element-f61c4262\">\n<div class=\"gb-element-a162fb9d\">\n<div class=\"gb-element-49ce51bb\">\n<h1 class=\"gb-text gbp-section__headline gb-text-91fbb44e\">Your trusted Partner for <strong><mark style=\"background-color:rgba(0, 0, 0, 0)\" class=\"has-inline-color has-accent-color\">Premium vehicles<\/mark><\/strong><\/h1>\n\n\n\n<div class=\"gb-text gbp-section__text gb-text-50498ce2\">Welcome to the Car Center of Baden, where Innovation is characterized by journey. You will discover a number of vehicles, the lift up your driving experience to a new level.<\/div>\n<\/div>\n<\/div>\n\n\n\n<div class=\"hero-image-fit gb-element-0d98e01a\">\n<img loading=\"lazy\" decoding=\"async\" width=\"2560\" height=\"1709\" class=\"gb-media-30559b7b\" src=\"https:\/\/muhteremoezbel.clickzaar.com\/wp-content\/uploads\/2026\/03\/couple-driving-convertible-car-near-the-ocean-2026-01-08-22-31-08-utc-1-scaled.jpg\" title=\"couple-driving-convertible-car-near-the-ocean-2026-01-08-22-31-08-utc\" alt=\"\" srcset=\"https:\/\/muhteremoezbel.clickzaar.com\/wp-content\/uploads\/2026\/03\/couple-driving-convertible-car-near-the-ocean-2026-01-08-22-31-08-utc-1-scaled.jpg 2560w, https:\/\/muhteremoezbel.clickzaar.com\/wp-content\/uploads\/2026\/03\/couple-driving-convertible-car-near-the-ocean-2026-01-08-22-31-08-utc-1-300x200.jpg 300w, https:\/\/muhteremoezbel.clickzaar.com\/wp-content\/uploads\/2026\/03\/couple-driving-convertible-car-near-the-ocean-2026-01-08-22-31-08-utc-1-1024x684.jpg 1024w, https:\/\/muhteremoezbel.clickzaar.com\/wp-content\/uploads\/2026\/03\/couple-driving-convertible-car-near-the-ocean-2026-01-08-22-31-08-utc-1-768x513.jpg 768w, https:\/\/muhteremoezbel.clickzaar.com\/wp-content\/uploads\/2026\/03\/couple-driving-convertible-car-near-the-ocean-2026-01-08-22-31-08-utc-1-1536x1026.jpg 1536w, https:\/\/muhteremoezbel.clickzaar.com\/wp-content\/uploads\/2026\/03\/couple-driving-convertible-car-near-the-ocean-2026-01-08-22-31-08-utc-1-2048x1367.jpg 2048w\" sizes=\"auto, (max-width: 2560px) 100vw, 2560px\" \/>\n<\/div>\n<\/div>\n\n\n\n<div class=\"gbp-section\">\n<div class=\"gbp-section__inner gbp-display__flex gb-element-e8e73217\">\n<div class=\"gbp-display__flex gb-element-bb8e877f\">\n<p class=\"gb-text gb-text-acb130ce\">50M<\/p>\n\n\n\n<p class=\"gb-text gb-text-2d235ab4\">To sell cars<\/p>\n<\/div>\n\n\n\n<div class=\"gbp-display__flex gb-element-fe8968f1\">\n<p class=\"gb-text gb-text-3f6b0245\">5500+<\/p>\n\n\n\n<p class=\"gb-text gb-text-7672da22\">Dealer rating<\/p>\n<\/div>\n\n\n\n<div class=\"gbp-display__flex gb-element-d219d345\">\n<p class=\"gb-text gb-text-5989d78b\">350M<\/p>\n\n\n\n<p class=\"gb-text gb-text-4da89e8b\">Verified User<\/p>\n<\/div>\n\n\n\n<div class=\"gbp-display__flex gb-element-663cb9af\">\n<p class=\"gb-text gb-text-c3e45c57\">10M<\/p>\n\n\n\n<p class=\"gb-text gb-text-f01ba9f5\">Visitors per day<\/p>\n<\/div>\n<\/div>\n<\/div>\n\n\n\n<div class=\"gbp-section gb-element-e07a7685\">\n<div class=\"gbp-section__inner gb-element-5fe9275f\">\n<div class=\"gb-element-94049510\">\n<h2 class=\"gb-text gbp-section__headline gb-text-e21673b2\">Service center<\/h2>\n<\/div>\n\n\n\n<img loading=\"lazy\" decoding=\"async\" width=\"1590\" height=\"1044\" class=\"gb-media-1da3d6ea\" src=\"https:\/\/muhteremoezbel.clickzaar.com\/wp-content\/uploads\/2026\/03\/car-6-1.webp\" title=\"car-6\" alt=\"\" srcset=\"https:\/\/muhteremoezbel.clickzaar.com\/wp-content\/uploads\/2026\/03\/car-6-1.webp 1590w, https:\/\/muhteremoezbel.clickzaar.com\/wp-content\/uploads\/2026\/03\/car-6-1-300x197.webp 300w, https:\/\/muhteremoezbel.clickzaar.com\/wp-content\/uploads\/2026\/03\/car-6-1-1024x672.webp 1024w, https:\/\/muhteremoezbel.clickzaar.com\/wp-content\/uploads\/2026\/03\/car-6-1-768x504.webp 768w, https:\/\/muhteremoezbel.clickzaar.com\/wp-content\/uploads\/2026\/03\/car-6-1-1536x1009.webp 1536w\" sizes=\"auto, (max-width: 1590px) 100vw, 1590px\" \/>\n\n\n\n<div class=\"gb-element-4c9b38ed\">\n<div class=\"gb-text gbp-section__text\">Welcome to the Car Center of Baden, where Innovation is characterized by journey. Discover a range of products that improve your driving experience. Please come a few minutes earlier. Should you need to your appointment to change, just give us a call. We look forward to servicing your vehicle and to ensure smooth operation. We look forward to provide your vehicle first-class Service!<\/div>\n<\/div>\n<\/div>\n<\/div>\n\n\n\n<div class=\"gbp-section gb-element-1bb62357\">\n<div class=\"gbp-section__inner gb-element-88705ddc\">\n<div class=\"gb-element-3daef583\">\n<h2 class=\"gb-text gbp-section__headline\">Let's meet <strong><mark style=\"background-color:rgba(0, 0, 0, 0)\" class=\"has-inline-color has-accent-color\">Our Expert<\/mark><\/strong><\/h2>\n\n\n\n<div class=\"gb-text gbp-section__text\">Learn the compassionate professionals know that devote themselves to their care.<\/div>\n\n\n\n<div class=\"gb-element-94310646\">\n<a class=\"gb-text gbp-button--primary gb-text-7e84069d\">Meet our Team<\/a>\n<\/div>\n<\/div>\n\n\n\n<div class=\"gb-element-ba5fa1c5\">\n<div class=\"gb-element-38244a8d\">\n<div class=\"gb-element-da6eb167\">\n<img loading=\"lazy\" decoding=\"async\" width=\"600\" height=\"400\" class=\"gb-media-aaf9d719\" src=\"https:\/\/muhteremoezbel.clickzaar.com\/wp-content\/uploads\/2024\/07\/harmony-team-1.jpg\" title=\"harmony team-1\" srcset=\"https:\/\/muhteremoezbel.clickzaar.com\/wp-content\/uploads\/2024\/07\/harmony-team-1.jpg 600w, https:\/\/muhteremoezbel.clickzaar.com\/wp-content\/uploads\/2024\/07\/harmony-team-1-300x200.jpg 300w\" sizes=\"auto, (max-width: 600px) 100vw, 600px\" \/>\n\n\n\n<div class=\"gb-text gb-text-0cd73c4f\">Dr. Emily Bennett<\/div>\n\n\n\n<div class=\"gb-text gb-text-fa5936ad\">Car Specialist<\/div>\n\n\n\n<div class=\"gb-text gb-text-975f244f\">Dr. Emily Bennett<\/div>\n<\/div>\n\n\n\n<div class=\"gb-element-0721819a\">\n<img loading=\"lazy\" decoding=\"async\" width=\"600\" height=\"400\" class=\"gb-media-38bd50f1\" src=\"https:\/\/muhteremoezbel.clickzaar.com\/wp-content\/uploads\/2024\/07\/harmony-team-2.jpg\" title=\"harmony team-2\" srcset=\"https:\/\/muhteremoezbel.clickzaar.com\/wp-content\/uploads\/2024\/07\/harmony-team-2.jpg 600w, https:\/\/muhteremoezbel.clickzaar.com\/wp-content\/uploads\/2024\/07\/harmony-team-2-300x200.jpg 300w\" sizes=\"auto, (max-width: 600px) 100vw, 600px\" \/>\n\n\n\n<div class=\"gb-text gb-text-4ed6872c\">Angela Martin<\/div>\n\n\n\n<div class=\"gb-text gb-text-238b3b36\">Car Specialist<\/div>\n\n\n\n<div class=\"gb-text gb-text-a7f084d6\">Dr. Emily Bennett<\/div>\n<\/div>\n\n\n\n<div class=\"gb-element-8984b7eb\">\n<img loading=\"lazy\" decoding=\"async\" width=\"600\" height=\"400\" class=\"gb-media-fab8dacb\" src=\"https:\/\/muhteremoezbel.clickzaar.com\/wp-content\/uploads\/2024\/07\/harmony-team-3.jpg\" title=\"harmony team-3\" srcset=\"https:\/\/muhteremoezbel.clickzaar.com\/wp-content\/uploads\/2024\/07\/harmony-team-3.jpg 600w, https:\/\/muhteremoezbel.clickzaar.com\/wp-content\/uploads\/2024\/07\/harmony-team-3-300x200.jpg 300w\" sizes=\"auto, (max-width: 600px) 100vw, 600px\" \/>\n\n\n\n<div class=\"gb-text gb-text-2cc7a45b\">Rachel Kim<\/div>\n\n\n\n<div class=\"gb-text gb-text-b1ee8a1e\">Car Specialist<\/div>\n\n\n\n<div class=\"gb-text gb-text-15e80180\">Dr. Emily Bennett<\/div>\n<\/div>\n\n\n\n<div class=\"gb-element-bc001ff4\">\n<img loading=\"lazy\" decoding=\"async\" width=\"600\" height=\"400\" class=\"gb-media-ed1c7f98\" src=\"https:\/\/muhteremoezbel.clickzaar.com\/wp-content\/uploads\/2024\/07\/harmony-team-4.jpg\" title=\"harmony team-4\" srcset=\"https:\/\/muhteremoezbel.clickzaar.com\/wp-content\/uploads\/2024\/07\/harmony-team-4.jpg 600w, https:\/\/muhteremoezbel.clickzaar.com\/wp-content\/uploads\/2024\/07\/harmony-team-4-300x200.jpg 300w\" sizes=\"auto, (max-width: 600px) 100vw, 600px\" \/>\n\n\n\n<div class=\"gb-text gb-text-a81b345f\">Sarah Clarke<\/div>\n\n\n\n<div class=\"gb-text gb-text-6bfa389f\">Car Specialist<\/div>\n\n\n\n<div class=\"gb-text gb-text-c1900ffb\">Dr. Emily Bennett<\/div>\n<\/div>\n<\/div>\n<\/div>\n<\/div>\n<\/div>\n\n\n\n<div class=\"gbp-section\">\n<div class=\"gbp-section__inner gb-element-ea120f3e\">\n<h2 class=\"gb-text\">What our client says about us<\/h2>\n\n\n\n<div class=\"gb-element-b153a2eb\">\n<div class=\"gb-text gbp-section__text gb-text-08898476\"><em>This Service has exceeded my expectations. The Team was professional, fast, and really careful to offer to me from the beginning to the end of a first-class experience.<\/em><\/div>\n\n\n\n<div class=\"gb-element-fd1538ec\">\n<img loading=\"lazy\" decoding=\"async\" width=\"150\" height=\"150\" class=\"gb-media-aaba259f\" src=\"https:\/\/sites.generatepress.com\/harmony\/wp-content\/uploads\/sites\/145\/2024\/07\/testimonial-avatar-150x150.jpeg\" title=\"testimonial-avatar\" srcset=\"https:\/\/muhteremoezbel.clickzaar.com\/wp-content\/uploads\/2024\/07\/testimonial-avatar-150x150.jpeg 150w, https:\/\/muhteremoezbel.clickzaar.com\/wp-content\/uploads\/2024\/07\/testimonial-avatar-300x300.jpeg 300w, https:\/\/muhteremoezbel.clickzaar.com\/wp-content\/uploads\/2024\/07\/testimonial-avatar-768x768.jpeg 768w, https:\/\/muhteremoezbel.clickzaar.com\/wp-content\/uploads\/2024\/07\/testimonial-avatar.jpeg 1024w\" sizes=\"auto, (max-width: 150px) 100vw, 150px\" \/>\n\n\n\n<div class=\"gb-element-fd4694cb\">\n<div class=\"gb-text gb-text-04bc9cbf\">Masahiro Moro<\/div>\n\n\n\n<div class=\"gb-text gb-text-94294e4a\">CEO of Mazda<\/div>\n<\/div>\n<\/div>\n<\/div>\n<\/div>\n<\/div>","protected":false},"excerpt":{"rendered":"<p>Ihr vertrauensw\u00fcrdiger Partner f\u00fcr Premiumfahrzeuge Willkommen im Car Center Baden, wo Innovation jede Fahrt pr\u00e4gt. Entdecken Sie eine Reihe von Fahrzeugen, die Ihr Fahrerlebnis auf ein neues Niveau heben. 50M Autos zu verkaufen 5500+ H\u00e4ndlerbewertung 350M Verifizierter Nutzer 10M Besucher pro Tag Servicezentrum Willkommen im Car Center Baden, wo Innovation jede Fahrt pr\u00e4gt. Entdecken Sie &#8230; <a title=\"About us\" class=\"read-more\" href=\"https:\/\/muhteremoezbel.clickzaar.com\/en\/uber-uns\/\" aria-label=\"Read more about \u00dcber uns\">Read more<\/a><\/p>","protected":false},"author":1,"featured_media":0,"parent":0,"menu_order":0,"comment_status":"closed","ping_status":"closed","template":"","meta":{"_acf_changed":false,"inline_featured_image":false,"footnotes":""},"class_list":["post-213","page","type-page","status-publish"],"acf":[],"yoast_head":"<!-- This site is optimized with the Yoast SEO plugin v27.4 - https:\/\/yoast.com\/product\/yoast-seo-wordpress\/ -->\n<title>\u00dcber uns - Car Center Baden<\/title>\n<meta name=\"robots\" content=\"index, follow, max-snippet:-1, max-image-preview:large, max-video-preview:-1\" \/>\n<link rel=\"canonical\" href=\"https:\/\/muhteremoezbel.clickzaar.com\/en\/uber-uns\/\" \/>\n<meta property=\"og:locale\" content=\"en_US\" \/>\n<meta property=\"og:type\" content=\"article\" \/>\n<meta property=\"og:title\" content=\"\u00dcber uns - Car Center Baden\" \/>\n<meta property=\"og:description\" content=\"Ihr vertrauensw\u00fcrdiger Partner f\u00fcr Premiumfahrzeuge Willkommen im Car Center Baden, wo Innovation jede Fahrt pr\u00e4gt. Entdecken Sie eine Reihe von Fahrzeugen, die Ihr Fahrerlebnis auf ein neues Niveau heben. 50M Autos zu verkaufen 5500+ H\u00e4ndlerbewertung 350M Verifizierter Nutzer 10M Besucher pro Tag Servicezentrum Willkommen im Car Center Baden, wo Innovation jede Fahrt pr\u00e4gt. Entdecken Sie ... Read more\" \/>\n<meta property=\"og:url\" content=\"https:\/\/muhteremoezbel.clickzaar.com\/en\/uber-uns\/\" \/>\n<meta property=\"og:site_name\" content=\"Car Center Baden\" \/>\n<meta property=\"article:modified_time\" content=\"2026-03-24T19:14:00+00:00\" \/>\n<meta property=\"og:image\" content=\"https:\/\/muhteremoezbel.clickzaar.com\/wp-content\/uploads\/2026\/03\/couple-driving-convertible-car-near-the-ocean-2026-01-08-22-31-08-utc-1-scaled.jpg\" \/>\n<meta name=\"twitter:card\" content=\"summary_large_image\" \/>\n<meta name=\"twitter:label1\" content=\"Est. reading time\" \/>\n\t<meta name=\"twitter:data1\" content=\"3 minutes\" \/>\n<script type=\"application\/ld+json\" class=\"yoast-schema-graph\">{\"@context\":\"https:\\\/\\\/schema.org\",\"@graph\":[{\"@type\":\"WebPage\",\"@id\":\"https:\\\/\\\/muhteremoezbel.clickzaar.com\\\/uber-uns\\\/\",\"url\":\"https:\\\/\\\/muhteremoezbel.clickzaar.com\\\/uber-uns\\\/\",\"name\":\"\u00dcber uns - Car Center Baden\",\"isPartOf\":{\"@id\":\"https:\\\/\\\/muhteremoezbel.clickzaar.com\\\/#website\"},\"primaryImageOfPage\":{\"@id\":\"https:\\\/\\\/muhteremoezbel.clickzaar.com\\\/uber-uns\\\/#primaryimage\"},\"image\":{\"@id\":\"https:\\\/\\\/muhteremoezbel.clickzaar.com\\\/uber-uns\\\/#primaryimage\"},\"thumbnailUrl\":\"https:\\\/\\\/muhteremoezbel.clickzaar.com\\\/wp-content\\\/uploads\\\/2026\\\/03\\\/couple-driving-convertible-car-near-the-ocean-2026-01-08-22-31-08-utc-1-scaled.jpg\",\"datePublished\":\"2024-07-25T21:52:32+00:00\",\"dateModified\":\"2026-03-24T19:14:00+00:00\",\"breadcrumb\":{\"@id\":\"https:\\\/\\\/muhteremoezbel.clickzaar.com\\\/uber-uns\\\/#breadcrumb\"},\"inLanguage\":\"en-US\",\"potentialAction\":[{\"@type\":\"ReadAction\",\"target\":[\"https:\\\/\\\/muhteremoezbel.clickzaar.com\\\/uber-uns\\\/\"]}]},{\"@type\":\"ImageObject\",\"inLanguage\":\"en-US\",\"@id\":\"https:\\\/\\\/muhteremoezbel.clickzaar.com\\\/uber-uns\\\/#primaryimage\",\"url\":\"https:\\\/\\\/muhteremoezbel.clickzaar.com\\\/wp-content\\\/uploads\\\/2026\\\/03\\\/couple-driving-convertible-car-near-the-ocean-2026-01-08-22-31-08-utc-1-scaled.jpg\",\"contentUrl\":\"https:\\\/\\\/muhteremoezbel.clickzaar.com\\\/wp-content\\\/uploads\\\/2026\\\/03\\\/couple-driving-convertible-car-near-the-ocean-2026-01-08-22-31-08-utc-1-scaled.jpg\"},{\"@type\":\"BreadcrumbList\",\"@id\":\"https:\\\/\\\/muhteremoezbel.clickzaar.com\\\/uber-uns\\\/#breadcrumb\",\"itemListElement\":[{\"@type\":\"ListItem\",\"position\":1,\"name\":\"Home\",\"item\":\"https:\\\/\\\/muhteremoezbel.clickzaar.com\\\/\"},{\"@type\":\"ListItem\",\"position\":2,\"name\":\"\u00dcber uns\"}]},{\"@type\":\"WebSite\",\"@id\":\"https:\\\/\\\/muhteremoezbel.clickzaar.com\\\/#website\",\"url\":\"https:\\\/\\\/muhteremoezbel.clickzaar.com\\\/\",\"name\":\"Car Center Baden\",\"description\":\"\",\"publisher\":{\"@id\":\"https:\\\/\\\/muhteremoezbel.clickzaar.com\\\/#organization\"},\"potentialAction\":[{\"@type\":\"SearchAction\",\"target\":{\"@type\":\"EntryPoint\",\"urlTemplate\":\"https:\\\/\\\/muhteremoezbel.clickzaar.com\\\/?s={search_term_string}\"},\"query-input\":{\"@type\":\"PropertyValueSpecification\",\"valueRequired\":true,\"valueName\":\"search_term_string\"}}],\"inLanguage\":\"en-US\"},{\"@type\":\"Organization\",\"@id\":\"https:\\\/\\\/muhteremoezbel.clickzaar.com\\\/#organization\",\"name\":\"Car Center Baden\",\"url\":\"https:\\\/\\\/muhteremoezbel.clickzaar.com\\\/\",\"logo\":{\"@type\":\"ImageObject\",\"inLanguage\":\"en-US\",\"@id\":\"https:\\\/\\\/muhteremoezbel.clickzaar.com\\\/#\\\/schema\\\/logo\\\/image\\\/\",\"url\":\"https:\\\/\\\/muhteremoezbel.clickzaar.com\\\/wp-content\\\/uploads\\\/2024\\\/07\\\/cropped-car-center-baden-logo-dark.png\",\"contentUrl\":\"https:\\\/\\\/muhteremoezbel.clickzaar.com\\\/wp-content\\\/uploads\\\/2024\\\/07\\\/cropped-car-center-baden-logo-dark.png\",\"width\":1152,\"height\":288,\"caption\":\"Car Center Baden\"},\"image\":{\"@id\":\"https:\\\/\\\/muhteremoezbel.clickzaar.com\\\/#\\\/schema\\\/logo\\\/image\\\/\"}}]}<\/script>\n<!-- \/ Yoast SEO plugin. -->","yoast_head_json":{"title":"\u00dcber uns - Car Center Baden","robots":{"index":"index","follow":"follow","max-snippet":"max-snippet:-1","max-image-preview":"max-image-preview:large","max-video-preview":"max-video-preview:-1"},"canonical":"https:\/\/muhteremoezbel.clickzaar.com\/en\/uber-uns\/","og_locale":"en_US","og_type":"article","og_title":"\u00dcber uns - Car Center Baden","og_description":"Ihr vertrauensw\u00fcrdiger Partner f\u00fcr Premiumfahrzeuge Willkommen im Car Center Baden, wo Innovation jede Fahrt pr\u00e4gt. Entdecken Sie eine Reihe von Fahrzeugen, die Ihr Fahrerlebnis auf ein neues Niveau heben. 50M Autos zu verkaufen 5500+ H\u00e4ndlerbewertung 350M Verifizierter Nutzer 10M Besucher pro Tag Servicezentrum Willkommen im Car Center Baden, wo Innovation jede Fahrt pr\u00e4gt. Entdecken Sie ... Read more","og_url":"https:\/\/muhteremoezbel.clickzaar.com\/en\/uber-uns\/","og_site_name":"Car Center Baden","article_modified_time":"2026-03-24T19:14:00+00:00","og_image":[{"url":"https:\/\/muhteremoezbel.clickzaar.com\/wp-content\/uploads\/2026\/03\/couple-driving-convertible-car-near-the-ocean-2026-01-08-22-31-08-utc-1-scaled.jpg","type":"","width":"","height":""}],"twitter_card":"summary_large_image","twitter_misc":{"Est. reading time":"3 minutes"},"schema":{"@context":"https:\/\/schema.org","@graph":[{"@type":"WebPage","@id":"https:\/\/muhteremoezbel.clickzaar.com\/uber-uns\/","url":"https:\/\/muhteremoezbel.clickzaar.com\/uber-uns\/","name":"\u00dcber uns - Car Center Baden","isPartOf":{"@id":"https:\/\/muhteremoezbel.clickzaar.com\/#website"},"primaryImageOfPage":{"@id":"https:\/\/muhteremoezbel.clickzaar.com\/uber-uns\/#primaryimage"},"image":{"@id":"https:\/\/muhteremoezbel.clickzaar.com\/uber-uns\/#primaryimage"},"thumbnailUrl":"https:\/\/muhteremoezbel.clickzaar.com\/wp-content\/uploads\/2026\/03\/couple-driving-convertible-car-near-the-ocean-2026-01-08-22-31-08-utc-1-scaled.jpg","datePublished":"2024-07-25T21:52:32+00:00","dateModified":"2026-03-24T19:14:00+00:00","breadcrumb":{"@id":"https:\/\/muhteremoezbel.clickzaar.com\/uber-uns\/#breadcrumb"},"inLanguage":"en-US","potentialAction":[{"@type":"ReadAction","target":["https:\/\/muhteremoezbel.clickzaar.com\/uber-uns\/"]}]},{"@type":"ImageObject","inLanguage":"en-US","@id":"https:\/\/muhteremoezbel.clickzaar.com\/uber-uns\/#primaryimage","url":"https:\/\/muhteremoezbel.clickzaar.com\/wp-content\/uploads\/2026\/03\/couple-driving-convertible-car-near-the-ocean-2026-01-08-22-31-08-utc-1-scaled.jpg","contentUrl":"https:\/\/muhteremoezbel.clickzaar.com\/wp-content\/uploads\/2026\/03\/couple-driving-convertible-car-near-the-ocean-2026-01-08-22-31-08-utc-1-scaled.jpg"},{"@type":"BreadcrumbList","@id":"https:\/\/muhteremoezbel.clickzaar.com\/uber-uns\/#breadcrumb","itemListElement":[{"@type":"ListItem","position":1,"name":"Home","item":"https:\/\/muhteremoezbel.clickzaar.com\/"},{"@type":"ListItem","position":2,"name":"\u00dcber uns"}]},{"@type":"WebSite","@id":"https:\/\/muhteremoezbel.clickzaar.com\/#website","url":"https:\/\/muhteremoezbel.clickzaar.com\/","name":"Car Center Baden","description":"","publisher":{"@id":"https:\/\/muhteremoezbel.clickzaar.com\/#organization"},"potentialAction":[{"@type":"SearchAction","target":{"@type":"EntryPoint","urlTemplate":"https:\/\/muhteremoezbel.clickzaar.com\/?s={search_term_string}"},"query-input":{"@type":"PropertyValueSpecification","valueRequired":true,"valueName":"search_term_string"}}],"inLanguage":"en-US"},{"@type":"Organization","@id":"https:\/\/muhteremoezbel.clickzaar.com\/#organization","name":"Car Center Baden","url":"https:\/\/muhteremoezbel.clickzaar.com\/","logo":{"@type":"ImageObject","inLanguage":"en-US","@id":"https:\/\/muhteremoezbel.clickzaar.com\/#\/schema\/logo\/image\/","url":"https:\/\/muhteremoezbel.clickzaar.com\/wp-content\/uploads\/2024\/07\/cropped-car-center-baden-logo-dark.png","contentUrl":"https:\/\/muhteremoezbel.clickzaar.com\/wp-content\/uploads\/2024\/07\/cropped-car-center-baden-logo-dark.png","width":1152,"height":288,"caption":"Car Center Baden"},"image":{"@id":"https:\/\/muhteremoezbel.clickzaar.com\/#\/schema\/logo\/image\/"}}]}},"_links":{"self":[{"href":"https:\/\/muhteremoezbel.clickzaar.com\/en\/wp-json\/wp\/v2\/pages\/213","targetHints":{"allow":["GET"]}}],"collection":[{"href":"https:\/\/muhteremoezbel.clickzaar.com\/en\/wp-json\/wp\/v2\/pages"}],"about":[{"href":"https:\/\/muhteremoezbel.clickzaar.com\/en\/wp-json\/wp\/v2\/types\/page"}],"author":[{"embeddable":true,"href":"https:\/\/muhteremoezbel.clickzaar.com\/en\/wp-json\/wp\/v2\/users\/1"}],"replies":[{"embeddable":true,"href":"https:\/\/muhteremoezbel.clickzaar.com\/en\/wp-json\/wp\/v2\/comments?post=213"}],"version-history":[{"count":11,"href":"https:\/\/muhteremoezbel.clickzaar.com\/en\/wp-json\/wp\/v2\/pages\/213\/revisions"}],"predecessor-version":[{"id":893,"href":"https:\/\/muhteremoezbel.clickzaar.com\/en\/wp-json\/wp\/v2\/pages\/213\/revisions\/893"}],"wp:attachment":[{"href":"https:\/\/muhteremoezbel.clickzaar.com\/en\/wp-json\/wp\/v2\/media?parent=213"}],"curies":[{"name":"wp","href":"https:\/\/api.w.org\/{rel}","templated":true}]}}